{"id":680,"date":"2025-01-14T15:36:51","date_gmt":"2025-01-14T15:36:51","guid":{"rendered":"http:\/\/localhost:10018\/es\/?page_id=680"},"modified":"2025-02-21T12:59:55","modified_gmt":"2025-02-21T12:59:55","slug":"certifications-and-qualifications","status":"publish","type":"page","link":"https:\/\/www.isoclimagroup.com\/es\/certifications-and-qualifications\/","title":{"rendered":"Certificaciones y Calificaciones"},"content":{"rendered":"\n<h2 class=\"wp-block-heading\">La excelencia de nuestras soluciones, garantizada por los est\u00e1ndares internacionales m\u00e1s reconocidos.<\/h2>\n\n\n\n<p>El <strong>elemento clave<\/strong> en la validaci\u00f3n de los procesos de Isoclima radica en el cumplimiento meticuloso de los <strong>est\u00e1ndares de calidad<\/strong>, como lo demuestran las <strong>certificaciones internacionales<\/strong>.<\/p>\n\n\n\n<p>Una exhaustiva y <strong>met\u00f3dica verificaci\u00f3n<\/strong> de nuestros procesos y sistemas de fabricaci\u00f3n, adem\u00e1s de la inspecci\u00f3n y prueba de productos realizadas en nuestros laboratorios, han logrado que Isoclima obtenga las <strong>certificaciones internacionales m\u00e1s prestigiosas<\/strong>, lo que garantiza que nuestro sistema de gesti\u00f3n, dise\u00f1o, fabricaci\u00f3n e instalaci\u00f3n es de primera calidad.<\/p>\n\n\n\n<section class=\"section-spacing \" style=\"background-color:#fff;\">\n    <div class=\"container px-0 px-xl-1 resource\">\n                        <div class=\"articles-cards row g-lg-5 gy-5 \">\n                                                <div class=\"card-item col-lg-4 col-md-6\">\n                                                    <div class=\"featured-image mb-3\">\n                                <img decoding=\"async\" src=\"https:\/\/www.isoclimagroup.com\/es\/wp-content\/uploads\/sites\/6\/2025\/01\/IRIS-x2.png\" class=\"w-100 h-100 rounded-1\">\n                            <\/div>\n                        \n                                                    <h4 class=\"card-heading\">Certificaci\u00f3n IRIS Evaluaci\u00f3n de conformidad: 2020<\/h4>\n                        \n                                                    <p class=\"card-text fs-6 my-3\">ISO\/TS 22163:2017<\/p>\n                        \n                                                                <a href=\"https:\/\/www.isoclimagroup.com\/es\/wp-content\/uploads\/sites\/6\/2025\/01\/Certificato-ISO-TS-22163_expiry-date-14.06.2027.pdf\" target=\"_blank\" download class=\"text-decoration-none fs-6 card-link pb-1\">\n                                            Haz clic aqu\u00ed para descargar                                                                                        <svg width=\"14\" height=\"13\" viewBox=\"0 0 14 13\" fill=\"currentColor\" xmlns=\"http:\/\/www.w3.org\/2000\/svg\">\n                                                <path d=\"M7 9.41539L4 6.27692M7 9.41539L10 6.27692M7 9.41539V0M1 6.27692V12H5.93604M13 6.27692V12H7.93604\" stroke=\"currentColor\" \/>\n                                            <\/svg>\n                                        <\/a>\n                                                        <\/div>\n                                    <div class=\"card-item col-lg-4 col-md-6\">\n                                                    <div class=\"featured-image mb-3\">\n                                <img decoding=\"async\" src=\"https:\/\/www.isoclimagroup.com\/es\/wp-content\/uploads\/sites\/6\/2025\/01\/IATF-x2.png\" class=\"w-100 h-100 rounded-1\">\n                            <\/div>\n                        \n                                                    <h4 class=\"card-heading\">Certificado IATF<\/h4>\n                        \n                                                    <p class=\"card-text fs-6 my-3\">IATF 16949:2016<\/p>\n                        \n                                                                <a href=\"https:\/\/www.isoclimagroup.com\/es\/wp-content\/uploads\/sites\/6\/2025\/01\/Certificate-IATF-16949_2016_exp-22.02.2027.pdf\" target=\"_blank\" download class=\"text-decoration-none fs-6 card-link pb-1\">\n                                            Haz clic aqu\u00ed para descargar                                                                                        <svg width=\"14\" height=\"13\" viewBox=\"0 0 14 13\" fill=\"currentColor\" xmlns=\"http:\/\/www.w3.org\/2000\/svg\">\n                                                <path d=\"M7 9.41539L4 6.27692M7 9.41539L10 6.27692M7 9.41539V0M1 6.27692V12H5.93604M13 6.27692V12H7.93604\" stroke=\"currentColor\" \/>\n                                            <\/svg>\n                                        <\/a>\n                                                        <\/div>\n                                    <div class=\"card-item col-lg-4 col-md-6\">\n                                                    <div class=\"featured-image mb-3\">\n                                <img decoding=\"async\" src=\"https:\/\/www.isoclimagroup.com\/es\/wp-content\/uploads\/sites\/6\/2025\/01\/AQAP-x2.png\" class=\"w-100 h-100 rounded-1\">\n                            <\/div>\n                        \n                                                    <h4 class=\"card-heading\">AQAP 2110<\/h4>\n                        \n                                                    <p class=\"card-text fs-6 my-3\">AQAP 2110 ed. D ver.1 anno 2016<\/p>\n                        \n                                                                <a href=\"https:\/\/www.isoclimagroup.com\/es\/wp-content\/uploads\/sites\/6\/2025\/01\/Certificato-AQAP-2110_2016-_2024.pdf\" target=\"_blank\" download class=\"text-decoration-none fs-6 card-link pb-1\">\n                                            Haz clic aqu\u00ed para descargar                                                                                        <svg width=\"14\" height=\"13\" viewBox=\"0 0 14 13\" fill=\"currentColor\" xmlns=\"http:\/\/www.w3.org\/2000\/svg\">\n                                                <path d=\"M7 9.41539L4 6.27692M7 9.41539L10 6.27692M7 9.41539V0M1 6.27692V12H5.93604M13 6.27692V12H7.93604\" stroke=\"currentColor\" \/>\n                                            <\/svg>\n                                        <\/a>\n                                                        <\/div>\n                                    <div class=\"card-item col-lg-4 col-md-6\">\n                                                    <div class=\"featured-image mb-3\">\n                                <img decoding=\"async\" src=\"https:\/\/www.isoclimagroup.com\/es\/wp-content\/uploads\/sites\/6\/2025\/01\/IRIS-1-x2.png\" class=\"w-100 h-100 rounded-1\">\n                            <\/div>\n                        \n                                                    <h4 class=\"card-heading\">Bureau Veritas ISO 14067 &#8211; CFP \u2013 Enfoque sistem\u00e1tico<\/h4>\n                        \n                                                    <p class=\"card-text fs-6 my-3\">Huella de Carbono del Producto<\/p>\n                        \n                                                                <a href=\"https:\/\/www.isoclimagroup.com\/es\/wp-content\/uploads\/sites\/6\/2025\/01\/CFP-Systematic-Approach-Allegato-alla-Opinione-di-Verifica-ISOCLIMA-230418.pdf\" target=\"_blank\" download class=\"text-decoration-none fs-6 card-link pb-1\">\n                                            Haz clic aqu\u00ed para descargar                                                                                        <svg width=\"14\" height=\"13\" viewBox=\"0 0 14 13\" fill=\"currentColor\" xmlns=\"http:\/\/www.w3.org\/2000\/svg\">\n                                                <path d=\"M7 9.41539L4 6.27692M7 9.41539L10 6.27692M7 9.41539V0M1 6.27692V12H5.93604M13 6.27692V12H7.93604\" stroke=\"currentColor\" \/>\n                                            <\/svg>\n                                        <\/a>\n                                                        <\/div>\n                                    <div class=\"card-item col-lg-4 col-md-6\">\n                                                    <div class=\"featured-image mb-3\">\n                                <img decoding=\"async\" src=\"https:\/\/www.isoclimagroup.com\/es\/wp-content\/uploads\/sites\/6\/2025\/01\/RIA-Member-9001-x2.png\" class=\"w-100 h-100 rounded-1\">\n                            <\/div>\n                        \n                                                    <h4 class=\"card-heading\">ISO 9001<\/h4>\n                        \n                                                    <p class=\"card-text fs-6 my-3\">ISO 9001:2015<\/p>\n                        \n                                                                <a href=\"https:\/\/www.isoclimagroup.com\/es\/wp-content\/uploads\/sites\/6\/2025\/01\/Certificato-ISO-9001_2015_exp-22.02.2027-2.pdf\" target=\"_blank\" download class=\"text-decoration-none fs-6 card-link pb-1\">\n                                            Haz clic aqu\u00ed para descargar                                                                                        <svg width=\"14\" height=\"13\" viewBox=\"0 0 14 13\" fill=\"currentColor\" xmlns=\"http:\/\/www.w3.org\/2000\/svg\">\n                                                <path d=\"M7 9.41539L4 6.27692M7 9.41539L10 6.27692M7 9.41539V0M1 6.27692V12H5.93604M13 6.27692V12H7.93604\" stroke=\"currentColor\" \/>\n                                            <\/svg>\n                                        <\/a>\n                                                        <\/div>\n                                    <div class=\"card-item col-lg-4 col-md-6\">\n                                                    <div class=\"featured-image mb-3\">\n                                <img decoding=\"async\" src=\"https:\/\/www.isoclimagroup.com\/es\/wp-content\/uploads\/sites\/6\/2025\/01\/RIA-Member-14001-x2.png\" class=\"w-100 h-100 rounded-1\">\n                            <\/div>\n                        \n                                                    <h4 class=\"card-heading\">ISO 14001<\/h4>\n                        \n                                                    <p class=\"card-text fs-6 my-3\">ISO 14001:2015<\/p>\n                        \n                                                                <a href=\"https:\/\/www.isoclimagroup.com\/es\/wp-content\/uploads\/sites\/6\/2025\/01\/certificate-signed-ISO-14001_2015.pdf\" target=\"_blank\" download class=\"text-decoration-none fs-6 card-link pb-1\">\n                                            Haz clic aqu\u00ed para descargar                                                                                        <svg width=\"14\" height=\"13\" viewBox=\"0 0 14 13\" fill=\"currentColor\" xmlns=\"http:\/\/www.w3.org\/2000\/svg\">\n                                                <path d=\"M7 9.41539L4 6.27692M7 9.41539L10 6.27692M7 9.41539V0M1 6.27692V12H5.93604M13 6.27692V12H7.93604\" stroke=\"currentColor\" \/>\n                                            <\/svg>\n                                        <\/a>\n                                                        <\/div>\n                                    <div class=\"card-item col-lg-4 col-md-6\">\n                                                    <div class=\"featured-image mb-3\">\n                                <img decoding=\"async\" src=\"https:\/\/www.isoclimagroup.com\/es\/wp-content\/uploads\/sites\/6\/2025\/01\/TBB-x2.png\" class=\"w-100 h-100 rounded-1\">\n                            <\/div>\n                        \n                                                    <h4 class=\"card-heading\">TBB Cert<\/h4>\n                        \n                                                    <p class=\"card-text fs-6 my-3\">Certificado DIN 6701<\/p>\n                        \n                                                                <a href=\"https:\/\/www.isoclimagroup.com\/es\/wp-content\/uploads\/sites\/6\/2025\/01\/Certificate_with_signature-CERT_6701_A1_F2-1_2023_701_expiry-date-24.05.2026.pdf\" target=\"_blank\" download class=\"text-decoration-none fs-6 card-link pb-1\">\n                                            Haz clic aqu\u00ed para descargar                                                                                        <svg width=\"14\" height=\"13\" viewBox=\"0 0 14 13\" fill=\"currentColor\" xmlns=\"http:\/\/www.w3.org\/2000\/svg\">\n                                                <path d=\"M7 9.41539L4 6.27692M7 9.41539L10 6.27692M7 9.41539V0M1 6.27692V12H5.93604M13 6.27692V12H7.93604\" stroke=\"currentColor\" \/>\n                                            <\/svg>\n                                        <\/a>\n                                                        <\/div>\n                                    <div class=\"card-item col-lg-4 col-md-6\">\n                                                    <div class=\"featured-image mb-3\">\n                                <img decoding=\"async\" src=\"https:\/\/www.isoclimagroup.com\/es\/wp-content\/uploads\/sites\/6\/2025\/01\/RIA-x2.png\" class=\"w-100 h-100 rounded-1\">\n                            <\/div>\n                        \n                                                    <h4 class=\"card-heading\">Certificado RINA<\/h4>\n                        \n                                                    <p class=\"card-text fs-6 my-3\">AS 9100D \/ EN_ 9100_2018<\/p>\n                        \n                                                                <a href=\"https:\/\/www.isoclimagroup.com\/es\/wp-content\/uploads\/sites\/6\/2025\/01\/Certificato-UNI_-EN_-9100_2018_scad-15.09.2026.pdf\" target=\"_blank\" download class=\"text-decoration-none fs-6 card-link pb-1\">\n                                            Haz clic aqu\u00ed para descargar                                                                                        <svg width=\"14\" height=\"13\" viewBox=\"0 0 14 13\" fill=\"currentColor\" xmlns=\"http:\/\/www.w3.org\/2000\/svg\">\n                                                <path d=\"M7 9.41539L4 6.27692M7 9.41539L10 6.27692M7 9.41539V0M1 6.27692V12H5.93604M13 6.27692V12H7.93604\" stroke=\"currentColor\" \/>\n                                            <\/svg>\n                                        <\/a>\n                                                        <\/div>\n                                    <div class=\"card-item col-lg-4 col-md-6\">\n                                                    <div class=\"featured-image mb-3\">\n                                <img decoding=\"async\" src=\"https:\/\/www.isoclimagroup.com\/es\/wp-content\/uploads\/sites\/6\/2025\/01\/ISO-x2.png\" class=\"w-100 h-100 rounded-1\">\n                            <\/div>\n                        \n                                                    <h4 class=\"card-heading\">ISO 45001<\/h4>\n                        \n                                                    <p class=\"card-text fs-6 my-3\">ISO 45001:2018<\/p>\n                        \n                                                                <a href=\"https:\/\/www.isoclimagroup.com\/es\/wp-content\/uploads\/sites\/6\/2025\/01\/certificate-signed-ISO-45001_2018.pdf\" target=\"_blank\" download class=\"text-decoration-none fs-6 card-link pb-1\">\n                                            Haz clic aqu\u00ed para descargar                                                                                        <svg width=\"14\" height=\"13\" viewBox=\"0 0 14 13\" fill=\"currentColor\" xmlns=\"http:\/\/www.w3.org\/2000\/svg\">\n                                                <path d=\"M7 9.41539L4 6.27692M7 9.41539L10 6.27692M7 9.41539V0M1 6.27692V12H5.93604M13 6.27692V12H7.93604\" stroke=\"currentColor\" \/>\n                                            <\/svg>\n                                        <\/a>\n                                                        <\/div>\n                                    <div class=\"card-item col-lg-4 col-md-6\">\n                                                    <div class=\"featured-image mb-3\">\n                                <img decoding=\"async\" src=\"https:\/\/www.isoclimagroup.com\/es\/wp-content\/uploads\/sites\/6\/2025\/01\/TISAX_icon.png\" class=\"w-100 h-100 rounded-1\">\n                            <\/div>\n                        \n                                                    <h4 class=\"card-heading\">TISAX<\/h4>\n                        \n                                                    <p class=\"card-text fs-6 my-3\">TISAX Tax Manifesto<\/p>\n                        \n                                                                <a href=\"https:\/\/www.isoclimagroup.com\/es\/wp-content\/uploads\/sites\/6\/2025\/01\/TISAX-MANIFESTO-ISOCLIMA.pdf\" target=\"\" download class=\"text-decoration-none fs-6 card-link pb-1\">\n                                                                                                                                    <svg width=\"14\" height=\"13\" viewBox=\"0 0 14 13\" fill=\"currentColor\" xmlns=\"http:\/\/www.w3.org\/2000\/svg\">\n                                                <path d=\"M7 9.41539L4 6.27692M7 9.41539L10 6.27692M7 9.41539V0M1 6.27692V12H5.93604M13 6.27692V12H7.93604\" stroke=\"currentColor\" \/>\n                                            <\/svg>\n                                        <\/a>\n                                                        <\/div>\n                                    <\/div>\n    <\/div>\n<\/section>","protected":false},"excerpt":{"rendered":"<p>La excelencia de nuestras soluciones, garantizada por los est\u00e1ndares internacionales m\u00e1s reconocidos. El elemento clave en la validaci\u00f3n de los procesos de Isoclima radica en el cumplimiento meticuloso de los est\u00e1ndares de calidad, como lo demuestran las certificaciones internacionales. Una exhaustiva y met\u00f3dica verificaci\u00f3n de nuestros procesos y sistemas de fabricaci\u00f3n, adem\u00e1s de la inspecci\u00f3n &hellip;<\/p>\n","protected":false},"author":7,"featured_media":0,"parent":0,"menu_order":0,"comment_status":"closed","ping_status":"closed","template":"templates\/page-operational.php","meta":{"_acf_changed":false,"_genesis_block_theme_hide_title":true,"footnotes":""},"class_list":["post-680","page","type-page","status-publish","hentry","post","without-featured-image"],"acf":[],"yoast_head":"<!-- This site is optimized with the Yoast SEO plugin v27.2 - https:\/\/yoast.com\/product\/yoast-seo-wordpress\/ -->\n<title>Certificaciones y Calificaciones | Isoclima ES<\/title>\n<meta name=\"robots\" content=\"index, follow, max-snippet:-1, max-image-preview:large, max-video-preview:-1\" \/>\n<link rel=\"canonical\" href=\"https:\/\/www.isoclimagroup.com\/es\/certifications-and-qualifications\/\" \/>\n<meta property=\"og:locale\" content=\"es_ES\" \/>\n<meta property=\"og:type\" content=\"article\" \/>\n<meta property=\"og:title\" content=\"Certificaciones y Calificaciones | Isoclima ES\" \/>\n<meta property=\"og:description\" content=\"La excelencia de nuestras soluciones, garantizada por los est\u00e1ndares internacionales m\u00e1s reconocidos. El elemento clave en la validaci\u00f3n de los procesos de Isoclima radica en el cumplimiento meticuloso de los est\u00e1ndares de calidad, como lo demuestran las certificaciones internacionales. Una exhaustiva y met\u00f3dica verificaci\u00f3n de nuestros procesos y sistemas de fabricaci\u00f3n, adem\u00e1s de la inspecci\u00f3n &hellip;\" \/>\n<meta property=\"og:url\" content=\"https:\/\/www.isoclimagroup.com\/es\/certifications-and-qualifications\/\" \/>\n<meta property=\"og:site_name\" content=\"Isoclima ES\" \/>\n<meta property=\"article:modified_time\" content=\"2025-02-21T12:59:55+00:00\" \/>\n<meta property=\"og:image\" content=\"https:\/\/www.isoclimagroup.com\/es\/wp-content\/uploads\/sites\/6\/2025\/02\/Isoclima_opengraph-es.png\" \/>\n\t<meta property=\"og:image:width\" content=\"1200\" \/>\n\t<meta property=\"og:image:height\" content=\"630\" \/>\n\t<meta property=\"og:image:type\" content=\"image\/png\" \/>\n<meta name=\"twitter:card\" content=\"summary_large_image\" \/>\n<meta name=\"twitter:label1\" content=\"Est. reading time\" \/>\n\t<meta name=\"twitter:data1\" content=\"1 minuto\" \/>\n<script type=\"application\/ld+json\" class=\"yoast-schema-graph\">{\"@context\":\"https:\/\/schema.org\",\"@graph\":[{\"@type\":\"WebPage\",\"@id\":\"https:\/\/www.isoclimagroup.com\/es\/certifications-and-qualifications\/\",\"url\":\"https:\/\/www.isoclimagroup.com\/es\/certifications-and-qualifications\/\",\"name\":\"Certificaciones y Calificaciones | Isoclima ES\",\"isPartOf\":{\"@id\":\"https:\/\/www.isoclimagroup.com\/es\/#website\"},\"datePublished\":\"2025-01-14T15:36:51+00:00\",\"dateModified\":\"2025-02-21T12:59:55+00:00\",\"breadcrumb\":{\"@id\":\"https:\/\/www.isoclimagroup.com\/es\/certifications-and-qualifications\/#breadcrumb\"},\"inLanguage\":\"es\",\"potentialAction\":[{\"@type\":\"ReadAction\",\"target\":[\"https:\/\/www.isoclimagroup.com\/es\/certifications-and-qualifications\/\"]}]},{\"@type\":\"BreadcrumbList\",\"@id\":\"https:\/\/www.isoclimagroup.com\/es\/certifications-and-qualifications\/#breadcrumb\",\"itemListElement\":[{\"@type\":\"ListItem\",\"position\":1,\"name\":\"Home\",\"item\":\"https:\/\/www.isoclimagroup.com\/es\/\"},{\"@type\":\"ListItem\",\"position\":2,\"name\":\"Certificaciones y Calificaciones\"}]},{\"@type\":\"WebSite\",\"@id\":\"https:\/\/www.isoclimagroup.com\/es\/#website\",\"url\":\"https:\/\/www.isoclimagroup.com\/es\/\",\"name\":\"Isoclima ES\",\"description\":\"\",\"potentialAction\":[{\"@type\":\"SearchAction\",\"target\":{\"@type\":\"EntryPoint\",\"urlTemplate\":\"https:\/\/www.isoclimagroup.com\/es\/?s={search_term_string}\"},\"query-input\":{\"@type\":\"PropertyValueSpecification\",\"valueRequired\":true,\"valueName\":\"search_term_string\"}}],\"inLanguage\":\"es\"}]}<\/script>\n<!-- \/ Yoast SEO plugin. -->","yoast_head_json":{"title":"Certificaciones y Calificaciones | Isoclima ES","robots":{"index":"index","follow":"follow","max-snippet":"max-snippet:-1","max-image-preview":"max-image-preview:large","max-video-preview":"max-video-preview:-1"},"canonical":"https:\/\/www.isoclimagroup.com\/es\/certifications-and-qualifications\/","og_locale":"es_ES","og_type":"article","og_title":"Certificaciones y Calificaciones | Isoclima ES","og_description":"La excelencia de nuestras soluciones, garantizada por los est\u00e1ndares internacionales m\u00e1s reconocidos. El elemento clave en la validaci\u00f3n de los procesos de Isoclima radica en el cumplimiento meticuloso de los est\u00e1ndares de calidad, como lo demuestran las certificaciones internacionales. Una exhaustiva y met\u00f3dica verificaci\u00f3n de nuestros procesos y sistemas de fabricaci\u00f3n, adem\u00e1s de la inspecci\u00f3n &hellip;","og_url":"https:\/\/www.isoclimagroup.com\/es\/certifications-and-qualifications\/","og_site_name":"Isoclima ES","article_modified_time":"2025-02-21T12:59:55+00:00","og_image":[{"width":1200,"height":630,"url":"https:\/\/www.isoclimagroup.com\/es\/wp-content\/uploads\/sites\/6\/2025\/02\/Isoclima_opengraph-es.png","type":"image\/png"}],"twitter_card":"summary_large_image","twitter_misc":{"Est. reading time":"1 minuto"},"schema":{"@context":"https:\/\/schema.org","@graph":[{"@type":"WebPage","@id":"https:\/\/www.isoclimagroup.com\/es\/certifications-and-qualifications\/","url":"https:\/\/www.isoclimagroup.com\/es\/certifications-and-qualifications\/","name":"Certificaciones y Calificaciones | Isoclima ES","isPartOf":{"@id":"https:\/\/www.isoclimagroup.com\/es\/#website"},"datePublished":"2025-01-14T15:36:51+00:00","dateModified":"2025-02-21T12:59:55+00:00","breadcrumb":{"@id":"https:\/\/www.isoclimagroup.com\/es\/certifications-and-qualifications\/#breadcrumb"},"inLanguage":"es","potentialAction":[{"@type":"ReadAction","target":["https:\/\/www.isoclimagroup.com\/es\/certifications-and-qualifications\/"]}]},{"@type":"BreadcrumbList","@id":"https:\/\/www.isoclimagroup.com\/es\/certifications-and-qualifications\/#breadcrumb","itemListElement":[{"@type":"ListItem","position":1,"name":"Home","item":"https:\/\/www.isoclimagroup.com\/es\/"},{"@type":"ListItem","position":2,"name":"Certificaciones y Calificaciones"}]},{"@type":"WebSite","@id":"https:\/\/www.isoclimagroup.com\/es\/#website","url":"https:\/\/www.isoclimagroup.com\/es\/","name":"Isoclima ES","description":"","potentialAction":[{"@type":"SearchAction","target":{"@type":"EntryPoint","urlTemplate":"https:\/\/www.isoclimagroup.com\/es\/?s={search_term_string}"},"query-input":{"@type":"PropertyValueSpecification","valueRequired":true,"valueName":"search_term_string"}}],"inLanguage":"es"}]}},"_links":{"self":[{"href":"https:\/\/www.isoclimagroup.com\/es\/wp-json\/wp\/v2\/pages\/680","targetHints":{"allow":["GET"]}}],"collection":[{"href":"https:\/\/www.isoclimagroup.com\/es\/wp-json\/wp\/v2\/pages"}],"about":[{"href":"https:\/\/www.isoclimagroup.com\/es\/wp-json\/wp\/v2\/types\/page"}],"author":[{"embeddable":true,"href":"https:\/\/www.isoclimagroup.com\/es\/wp-json\/wp\/v2\/users\/7"}],"replies":[{"embeddable":true,"href":"https:\/\/www.isoclimagroup.com\/es\/wp-json\/wp\/v2\/comments?post=680"}],"version-history":[{"count":0,"href":"https:\/\/www.isoclimagroup.com\/es\/wp-json\/wp\/v2\/pages\/680\/revisions"}],"wp:attachment":[{"href":"https:\/\/www.isoclimagroup.com\/es\/wp-json\/wp\/v2\/media?parent=680"}],"curies":[{"name":"wp","href":"https:\/\/api.w.org\/{rel}","templated":true}]}}