{"id":688,"date":"2025-01-14T16:30:36","date_gmt":"2025-01-14T16:30:36","guid":{"rendered":"http:\/\/localhost:10018\/es\/?page_id=688"},"modified":"2025-02-21T13:00:05","modified_gmt":"2025-02-21T13:00:05","slug":"privacy-policy","status":"publish","type":"page","link":"https:\/\/www.isoclimagroup.com\/es\/privacy-policy\/","title":{"rendered":"Pol\u00edtica de Privacidad"},"content":{"rendered":"\n<p><strong>Introducci\u00f3n<\/strong><\/p>\n\n\n\n<p>Como proveedor de servicios de Intranet y Extranet para empresas, BMP y colaboraci\u00f3n, la empresa Isoclima S.p.A. est\u00e1 comprometida con la protecci\u00f3n de los datos personales que se le han confiado. Por lo tanto, su gesti\u00f3n y seguridad ser\u00e1n tratadas con el m\u00e1ximo cuidado, de acuerdo con los requisitos del Reglamento Europeo 679\/2016 sobre la protecci\u00f3n de datos personales (en adelante, \u00abGDPR\u00bb). Esta pol\u00edtica especifica los fines para los cuales recopilamos sus datos, c\u00f3mo se gestionan, a qui\u00e9nes pueden ser divulgados y cu\u00e1les son sus derechos.<\/p>\n\n\n\n<p><br><\/p>\n\n\n\n<p><strong>\u00bfQu\u00e9 datos recopilamos?<\/strong><\/p>\n\n\n\n<p>Las personas que visitan el sitio web pueden realizar muchas actividades sin proporcionar ninguna informaci\u00f3n personal. Sin embargo, cuando los usuarios se registran en el sitio web para solicitar informaci\u00f3n sobre los servicios y productos ofrecidos por Isoclima S.p.A. (en adelante, \u00abIsoclima\u00bb), debemos recopilar la siguiente informaci\u00f3n personal de los usuarios:<\/p>\n\n\n\n<p>Informaci\u00f3n de contacto como: nombre completo, n\u00famero de tel\u00e9fono, ciudad y direcci\u00f3n de correo electr\u00f3nico.<\/p>\n\n\n\n<p>Adem\u00e1s, podemos recopilar:<\/p>\n\n\n\n<p>Informaci\u00f3n de contacto de los clientes como: nombre completo, n\u00famero de cliente, nombre de la empresa\/titular del contrato, n\u00famero de tel\u00e9fono, ciudad y direcci\u00f3n de correo electr\u00f3nico.<\/p>\n\n\n\n<p>Informaci\u00f3n para la contrataci\u00f3n de solicitantes de empleo como: nombre completo, fecha de nacimiento, n\u00famero de tel\u00e9fono, residencia, domicilio, direcci\u00f3n de correo electr\u00f3nico, curr\u00edculum vitae.<\/p>\n\n\n\n<p>Cookies y tecnolog\u00edas similares para medir y analizar el uso y la efectividad de nuestros servicios, personalizar y optimizar la orientaci\u00f3n de los anuncios para nuestros servicios en otros sitios web y plataformas, proporcionar servicios de ubicaci\u00f3n si elige compartir su ubicaci\u00f3n. Para m\u00e1s informaci\u00f3n sobre las cookies que utilizamos, por favor, lea nuestra Pol\u00edtica de Cookies.<\/p>\n\n\n\n<p><\/p>\n\n\n\n<p><strong>\u00bfPor qu\u00e9 recopilamos sus datos?<\/strong><\/p>\n\n\n\n<p>Isoclima utilizar\u00e1 sus datos exclusivamente para los siguientes fines:<\/p>\n\n\n\n<p><strong>Gesti\u00f3n de la relaci\u00f3n contractual<\/strong> <br>Los datos ser\u00e1n procesados en relaci\u00f3n con los requisitos contractuales y el cumplimiento de las obligaciones legales y fiscales correspondientes, as\u00ed como para permitir una gesti\u00f3n eficaz de las relaciones contractuales, financieras y comerciales. Los datos ser\u00e1n procesados durante toda la duraci\u00f3n de la relaci\u00f3n contractual y tambi\u00e9n posteriormente, para el cumplimiento de las obligaciones legales y con fines administrativos y comerciales.<\/p>\n\n\n\n<p><strong>Marketing<\/strong> <br>Con su consentimiento expreso, los datos ser\u00e1n procesados para actividades de marketing, investigaci\u00f3n de mercado, an\u00e1lisis estad\u00edstico, boletines informativos, el env\u00edo de material publicitario\/informativo\/promocional tanto por m\u00e9todos de contacto automatizados (correo electr\u00f3nico, mensaje de texto, etc.) como m\u00e9todos tradicionales (tel\u00e9fono, correo, etc.).<\/p>\n\n\n\n<p><strong>Perfilado<\/strong> <br>Con su consentimiento expreso, los datos ser\u00e1n procesados con fines de perfilado, en particular para la creaci\u00f3n de un perfil comercial y\/o para personalizar y optimizar nuestros servicios en funci\u00f3n de sus preferencias, tambi\u00e9n mediante la interrelaci\u00f3n de dichos datos personales con otra informaci\u00f3n recopilada a trav\u00e9s de las cookies de perfilado que usted acepte.<\/p>\n\n\n\n<p>Se sigue que la provisi\u00f3n de datos personales es obligatoria para los fines establecidos en el punto 1. Los fines 2 y 3 no derivan de una obligaci\u00f3n legal y, por lo tanto, su consentimiento es opcional. Cualquier omisi\u00f3n parcial o total de sus datos resultar\u00e1 en la imposibilidad parcial o total de lograr los fines mencionados. La entidad y la adecuaci\u00f3n de los datos proporcionados se evaluar\u00e1n de vez en cuando para tomar decisiones y evitar el procesamiento de datos que excedan los fines perseguidos. No utilizaremos sus datos personales para ning\u00fan otro fin que no sea el descrito en esta pol\u00edtica, a menos que le informemos previamente y, cuando sea necesario, obtengamos su consentimiento.<\/p>\n\n\n\n<p><\/p>\n\n\n\n<p><strong>Base legal para el procesamiento<\/strong><\/p>\n\n\n\n<p>La base legal para la recopilaci\u00f3n y el uso de su informaci\u00f3n personal, tal como se describe anteriormente, depender\u00e1 del contexto espec\u00edfico en el que la recopilemos. La principal raz\u00f3n por la cual recopilamos y utilizamos su informaci\u00f3n personal es la gesti\u00f3n del contrato y la correcta provisi\u00f3n de servicios. Sin embargo, tambi\u00e9n utilizaremos su informaci\u00f3n personal cuando est\u00e9 dentro de nuestro leg\u00edtimo inter\u00e9s comercial. En algunos casos, podemos tener la obligaci\u00f3n legal de recopilar datos personales (por ejemplo, en el caso de un proceso legal) o podemos tener que procesarlos o compartirlos con otros para salvaguardar sus intereses y los de terceros.<\/p>\n\n\n\n<p><\/p>\n\n\n\n<p><strong>\u00bfC\u00f3mo utilizamos su informaci\u00f3n?<\/strong><\/p>\n\n\n\n<p>La informaci\u00f3n personal que usted proporcione ser\u00e1 procesada en cumplimiento con el GDPR y los principios de integridad, legalidad, transparencia y confidencialidad que subyacen al negocio de Isoclima. El procesamiento de datos se puede llevar a cabo tanto de manera manual, utilizando archivos y documentos en papel, como electr\u00f3nicamente, mediante el uso de medios digitales y computadoras, cumpliendo con las medidas de seguridad previstas por la legislaci\u00f3n europea vigente.<\/p>\n\n\n\n<p><\/p>\n\n\n\n<p><strong>Retenci\u00f3n de datos<\/strong><\/p>\n\n\n\n<p>Desde su recepci\u00f3n\/actualizaci\u00f3n, sus datos personales se almacenar\u00e1n por un per\u00edodo m\u00e1ximo de 10 a\u00f1os (a menos que la ley disponga per\u00edodos m\u00e1s largos), despu\u00e9s de lo cual ser\u00e1n eliminados o anonimizados.<\/p>\n\n\n\n<p><\/p>\n\n\n\n<p><strong>\u00bfCon qui\u00e9n compartimos la informaci\u00f3n personal?<\/strong><\/p>\n\n\n\n<p>No \u00abdivulgaremos\u00bb su informaci\u00f3n personal, entendiendo por este t\u00e9rmino el compartir la informaci\u00f3n con partes no especificadas de ninguna manera, ni siquiera poni\u00e9ndola a disposici\u00f3n para su consulta. Por otro lado, podemos \u00abrevelar\u00bb sus datos, entendiendo por este t\u00e9rmino el proporcionar la informaci\u00f3n a una o m\u00e1s partes espec\u00edficas bajo las siguientes condiciones:<\/p>\n\n\n\n<ul class=\"wp-block-list\">\n<li>A las personas designadas dentro de nuestra Empresa para procesar datos, y en particular a las \u00e1reas de ventas, administraci\u00f3n y recursos humanos.<\/li>\n\n\n\n<li>A las partes que puedan acceder a los datos en virtud de disposiciones legales, normativas o legislaci\u00f3n europea, dentro de los l\u00edmites establecidos por estas regulaciones.<\/li>\n\n\n\n<li>A las partes que necesiten acceso a los datos con fines relacionados con una relaci\u00f3n existente, dentro de los l\u00edmites estrictamente necesarios para llevar a cabo las tareas auxiliares que se les han confiado (por ejemplo, bancos, transportistas, etc.).<\/li>\n\n\n\n<li>A nuestros consultores, dentro de los l\u00edmites necesarios para realizar sus funciones dentro de nuestra Empresa, sujeto a nuestra carta de nombramiento que les impone el deber de confidencialidad y seguridad en el procesamiento de datos.<\/li>\n\n\n\n<li>A otras partes extranjeras (no pertenecientes a la Comunidad Europea) como terceros auxiliares de nuestros contratistas, limitados al \u00fanico prop\u00f3sito de procesar y elaborar datos administrativos y contables.<\/li>\n<\/ul>\n\n\n\n<p>Se puede solicitar una lista completa y actualizada de las empresas externas\/consultores a quienes revelamos sus datos directamente a trav\u00e9s de los contactos especificados en la secci\u00f3n \u00ab\u00bfQui\u00e9n procesar\u00e1 sus datos?\u00bb.<\/p>\n\n\n\n<p><\/p>\n\n\n\n<p><strong>\u00bfCu\u00e1les son sus derechos?<\/strong><\/p>\n\n\n\n<p>En cualquier momento, tendr\u00e1 el derecho de solicitar:<\/p>\n\n\n\n<p><strong>Acceso a sus datos personales.<\/strong><\/p>\n\n\n\n<p>Detalles sobre su origen.<\/p>\n\n\n\n<p>La l\u00f3gica, m\u00e9todos y fines de su procesamiento.<\/p>\n\n\n\n<p>La actualizaci\u00f3n, correcci\u00f3n, completaci\u00f3n, eliminaci\u00f3n, transformaci\u00f3n en forma an\u00f3nima, bloqueo de datos procesados en violaci\u00f3n de la ley, incluidos aquellos que ya no sean necesarios para el prop\u00f3sito para el cual fueron recopilados.<\/p>\n\n\n\n<p>La restricci\u00f3n u oposici\u00f3n al procesamiento de sus datos.<\/p>\n\n\n\n<p>El derecho a la portabilidad, es decir, a recibir sus datos en un formato estructurado que sea com\u00fanmente utilizado y legible por dispositivos autom\u00e1ticos.<\/p>\n\n\n\n<p>Una queja ante la Autoridad de Supervisi\u00f3n (Autoridad de Privacidad) respecto a la recopilaci\u00f3n y el uso de su informaci\u00f3n personal.<\/p>\n\n\n\n<p>La retirada de su consentimiento despu\u00e9s de haberlo dado. Dicha retirada no afecta la legalidad del procesamiento realizado hasta ese momento, ni afecta el procesamiento de su informaci\u00f3n personal realizado sobre bases leg\u00edtimas diferentes al consentimiento.<\/p>\n\n\n\n<p>Isoclima manejar\u00e1 su solicitud con el m\u00e1ximo compromiso para asegurar el ejercicio efectivo de sus derechos.<\/p>\n\n\n\n<p><\/p>\n\n\n\n<p><strong>\u00bfQui\u00e9n procesar\u00e1 sus datos?<\/strong><\/p>\n\n\n\n<p>El Responsable del Tratamiento de sus datos personales es Isoclima S.p.A., C.F. y P.IVA N. 00683150288, cuya sede est\u00e1 en Via Alessandro Volta, 14 &#8211; 35042 Este (PD). El Responsable del Tratamiento puede ser contactado en la direcci\u00f3n postal indicada anteriormente, o en la direcci\u00f3n de correo electr\u00f3nico <a>info@isoclimagroup.com<\/a>.<\/p>\n\n\n\n<p>Isoclima ha designado un Delegado de Protecci\u00f3n de Datos (DPO), quien puede ser contactado en la direcci\u00f3n de correo electr\u00f3nico <a>dpo@isoclima.com<\/a>. Tambi\u00e9n es posible contactar al DPO por tel\u00e9fono o concertar una cita en la sede, contactando a Isoclima S.p.A. en la direcci\u00f3n indicada, o en el n\u00famero de tel\u00e9fono +39 0429 632501.<\/p>\n\n\n\n<p>Los datos completos del DPO se transmiten a la Autoridad de Protecci\u00f3n de Datos, conforme al Art. 37 del Reglamento (UE) 679\/2016 GDPR.<\/p>\n\n\n\n<p><\/p>\n\n\n\n<p><strong>Actualizaciones de la Pol\u00edtica de Privacidad<\/strong><\/p>\n\n\n\n<p>De vez en cuando, podemos actualizar esta Pol\u00edtica de Privacidad en respuesta a cualquier cambio legal, t\u00e9cnico o comercial. Por lo tanto, le invitamos a visitar esta p\u00e1gina peri\u00f3dicamente para mantenerse al d\u00eda con la \u00faltima informaci\u00f3n sobre nuestras pol\u00edticas.<\/p>\n\n\n\n<p>Este, 21 de enero de 2022<\/p>\n","protected":false},"excerpt":{"rendered":"<p>Introducci\u00f3n Como proveedor de servicios de Intranet y Extranet para empresas, BMP y colaboraci\u00f3n, la empresa Isoclima S.p.A. est\u00e1 comprometida con la protecci\u00f3n de los datos personales que se le han confiado. Por lo tanto, su gesti\u00f3n y seguridad ser\u00e1n tratadas con el m\u00e1ximo cuidado, de acuerdo con los requisitos del Reglamento Europeo 679\/2016 sobre &hellip;<\/p>\n","protected":false},"author":7,"featured_media":0,"parent":0,"menu_order":0,"comment_status":"closed","ping_status":"closed","template":"templates\/page-operational.php","meta":{"_acf_changed":false,"_genesis_block_theme_hide_title":false,"footnotes":""},"class_list":["post-688","page","type-page","status-publish","hentry","post","without-featured-image"],"acf":[],"yoast_head":"<!-- This site is optimized with the Yoast SEO plugin v27.6 - https:\/\/yoast.com\/product\/yoast-seo-wordpress\/ -->\n<title>Pol\u00edtica de Privacidad | Isoclima ES<\/title>\n<meta name=\"robots\" content=\"index, follow, max-snippet:-1, max-image-preview:large, max-video-preview:-1\" \/>\n<link rel=\"canonical\" href=\"https:\/\/www.isoclimagroup.com\/es\/privacy-policy\/\" \/>\n<meta property=\"og:locale\" content=\"es_ES\" \/>\n<meta property=\"og:type\" content=\"article\" \/>\n<meta property=\"og:title\" content=\"Pol\u00edtica de Privacidad | Isoclima ES\" \/>\n<meta property=\"og:description\" content=\"Introducci\u00f3n Como proveedor de servicios de Intranet y Extranet para empresas, BMP y colaboraci\u00f3n, la empresa Isoclima S.p.A. est\u00e1 comprometida con la protecci\u00f3n de los datos personales que se le han confiado. Por lo tanto, su gesti\u00f3n y seguridad ser\u00e1n tratadas con el m\u00e1ximo cuidado, de acuerdo con los requisitos del Reglamento Europeo 679\/2016 sobre &hellip;\" \/>\n<meta property=\"og:url\" content=\"https:\/\/www.isoclimagroup.com\/es\/privacy-policy\/\" \/>\n<meta property=\"og:site_name\" content=\"Isoclima ES\" \/>\n<meta property=\"article:modified_time\" content=\"2025-02-21T13:00:05+00:00\" \/>\n<meta property=\"og:image\" content=\"https:\/\/www.isoclimagroup.com\/es\/wp-content\/uploads\/sites\/6\/2025\/02\/Isoclima_opengraph-es.png\" \/>\n\t<meta property=\"og:image:width\" content=\"1200\" \/>\n\t<meta property=\"og:image:height\" content=\"630\" \/>\n\t<meta property=\"og:image:type\" content=\"image\/png\" \/>\n<meta name=\"twitter:card\" content=\"summary_large_image\" \/>\n<meta name=\"twitter:label1\" content=\"Est. reading time\" \/>\n\t<meta name=\"twitter:data1\" content=\"7 minutos\" \/>\n<script type=\"application\/ld+json\" class=\"yoast-schema-graph\">{\"@context\":\"https:\\\/\\\/schema.org\",\"@graph\":[{\"@type\":\"WebPage\",\"@id\":\"https:\\\/\\\/www.isoclimagroup.com\\\/es\\\/privacy-policy\\\/\",\"url\":\"https:\\\/\\\/www.isoclimagroup.com\\\/es\\\/privacy-policy\\\/\",\"name\":\"Pol\u00edtica de Privacidad | Isoclima ES\",\"isPartOf\":{\"@id\":\"http:\\\/\\\/www.isoclimagroup.com\\\/es\\\/#website\"},\"datePublished\":\"2025-01-14T16:30:36+00:00\",\"dateModified\":\"2025-02-21T13:00:05+00:00\",\"breadcrumb\":{\"@id\":\"https:\\\/\\\/www.isoclimagroup.com\\\/es\\\/privacy-policy\\\/#breadcrumb\"},\"inLanguage\":\"es\",\"potentialAction\":[{\"@type\":\"ReadAction\",\"target\":[\"https:\\\/\\\/www.isoclimagroup.com\\\/es\\\/privacy-policy\\\/\"]}]},{\"@type\":\"BreadcrumbList\",\"@id\":\"https:\\\/\\\/www.isoclimagroup.com\\\/es\\\/privacy-policy\\\/#breadcrumb\",\"itemListElement\":[{\"@type\":\"ListItem\",\"position\":1,\"name\":\"Home\",\"item\":\"http:\\\/\\\/www.isoclimagroup.com\\\/es\\\/\"},{\"@type\":\"ListItem\",\"position\":2,\"name\":\"Pol\u00edtica de Privacidad\"}]},{\"@type\":\"WebSite\",\"@id\":\"http:\\\/\\\/www.isoclimagroup.com\\\/es\\\/#website\",\"url\":\"http:\\\/\\\/www.isoclimagroup.com\\\/es\\\/\",\"name\":\"Isoclima ES\",\"description\":\"\",\"potentialAction\":[{\"@type\":\"SearchAction\",\"target\":{\"@type\":\"EntryPoint\",\"urlTemplate\":\"http:\\\/\\\/www.isoclimagroup.com\\\/es\\\/?s={search_term_string}\"},\"query-input\":{\"@type\":\"PropertyValueSpecification\",\"valueRequired\":true,\"valueName\":\"search_term_string\"}}],\"inLanguage\":\"es\"}]}<\/script>\n<!-- \/ Yoast SEO plugin. -->","yoast_head_json":{"title":"Pol\u00edtica de Privacidad | Isoclima ES","robots":{"index":"index","follow":"follow","max-snippet":"max-snippet:-1","max-image-preview":"max-image-preview:large","max-video-preview":"max-video-preview:-1"},"canonical":"https:\/\/www.isoclimagroup.com\/es\/privacy-policy\/","og_locale":"es_ES","og_type":"article","og_title":"Pol\u00edtica de Privacidad | Isoclima ES","og_description":"Introducci\u00f3n Como proveedor de servicios de Intranet y Extranet para empresas, BMP y colaboraci\u00f3n, la empresa Isoclima S.p.A. est\u00e1 comprometida con la protecci\u00f3n de los datos personales que se le han confiado. Por lo tanto, su gesti\u00f3n y seguridad ser\u00e1n tratadas con el m\u00e1ximo cuidado, de acuerdo con los requisitos del Reglamento Europeo 679\/2016 sobre &hellip;","og_url":"https:\/\/www.isoclimagroup.com\/es\/privacy-policy\/","og_site_name":"Isoclima ES","article_modified_time":"2025-02-21T13:00:05+00:00","og_image":[{"width":1200,"height":630,"url":"https:\/\/www.isoclimagroup.com\/es\/wp-content\/uploads\/sites\/6\/2025\/02\/Isoclima_opengraph-es.png","type":"image\/png"}],"twitter_card":"summary_large_image","twitter_misc":{"Est. reading time":"7 minutos"},"schema":{"@context":"https:\/\/schema.org","@graph":[{"@type":"WebPage","@id":"https:\/\/www.isoclimagroup.com\/es\/privacy-policy\/","url":"https:\/\/www.isoclimagroup.com\/es\/privacy-policy\/","name":"Pol\u00edtica de Privacidad | Isoclima ES","isPartOf":{"@id":"http:\/\/www.isoclimagroup.com\/es\/#website"},"datePublished":"2025-01-14T16:30:36+00:00","dateModified":"2025-02-21T13:00:05+00:00","breadcrumb":{"@id":"https:\/\/www.isoclimagroup.com\/es\/privacy-policy\/#breadcrumb"},"inLanguage":"es","potentialAction":[{"@type":"ReadAction","target":["https:\/\/www.isoclimagroup.com\/es\/privacy-policy\/"]}]},{"@type":"BreadcrumbList","@id":"https:\/\/www.isoclimagroup.com\/es\/privacy-policy\/#breadcrumb","itemListElement":[{"@type":"ListItem","position":1,"name":"Home","item":"http:\/\/www.isoclimagroup.com\/es\/"},{"@type":"ListItem","position":2,"name":"Pol\u00edtica de Privacidad"}]},{"@type":"WebSite","@id":"http:\/\/www.isoclimagroup.com\/es\/#website","url":"http:\/\/www.isoclimagroup.com\/es\/","name":"Isoclima ES","description":"","potentialAction":[{"@type":"SearchAction","target":{"@type":"EntryPoint","urlTemplate":"http:\/\/www.isoclimagroup.com\/es\/?s={search_term_string}"},"query-input":{"@type":"PropertyValueSpecification","valueRequired":true,"valueName":"search_term_string"}}],"inLanguage":"es"}]}},"_links":{"self":[{"href":"https:\/\/www.isoclimagroup.com\/es\/wp-json\/wp\/v2\/pages\/688","targetHints":{"allow":["GET"]}}],"collection":[{"href":"https:\/\/www.isoclimagroup.com\/es\/wp-json\/wp\/v2\/pages"}],"about":[{"href":"https:\/\/www.isoclimagroup.com\/es\/wp-json\/wp\/v2\/types\/page"}],"author":[{"embeddable":true,"href":"https:\/\/www.isoclimagroup.com\/es\/wp-json\/wp\/v2\/users\/7"}],"replies":[{"embeddable":true,"href":"https:\/\/www.isoclimagroup.com\/es\/wp-json\/wp\/v2\/comments?post=688"}],"version-history":[{"count":0,"href":"https:\/\/www.isoclimagroup.com\/es\/wp-json\/wp\/v2\/pages\/688\/revisions"}],"wp:attachment":[{"href":"https:\/\/www.isoclimagroup.com\/es\/wp-json\/wp\/v2\/media?parent=688"}],"curies":[{"name":"wp","href":"https:\/\/api.w.org\/{rel}","templated":true}]}}