{"id":873,"date":"2025-01-15T14:49:38","date_gmt":"2025-01-15T14:49:38","guid":{"rendered":"http:\/\/localhost:10018\/es\/?page_id=873"},"modified":"2025-02-21T13:00:00","modified_gmt":"2025-02-21T13:00:00","slug":"whistleblowing","status":"publish","type":"page","link":"https:\/\/www.isoclimagroup.com\/es\/whistleblowing\/","title":{"rendered":"Denuncias"},"content":{"rendered":"\n<h2 class=\"wp-block-heading\">Bienvenido al Canal de Denuncias\/ Whistleblowing del Grupo ISOCLIMA<\/h2>\n\n\n\n<p><strong>ISOCLIMA ha activado un protocolo espec\u00edfico para gestionar el whistleblowing (denuncias), basado en un sistema avanzado de herramientas en l\u00ednea que permite una gesti\u00f3n extendida, an\u00f3nima y garantizada.<\/strong><\/p>\n\n\n\n<p>Este Canal de Denuncias permite a los empleados y\/o partes interesadas informar, de manera confidencial y protegida, sobre cualquier hecho o situaci\u00f3n ilegal potencial encontrada durante las actividades profesionales y laborales realizadas con nuestra Empresa.<\/p>\n\n\n\n<p>Isoclima se compromete a dar seguimiento a las denuncias realizadas a trav\u00e9s del Canal de Denuncias, bajo el supuesto de que se hacen de buena fe, y garantiza a los denunciantes protecci\u00f3n contra cualquier forma de represalia o discriminaci\u00f3n.<\/p>\n\n\n\n<p>En cualquier caso, Isoclima asegura la confidencialidad de la identidad de los denunciantes en cumplimiento con las obligaciones legales.<\/p>\n\n\n\n<p><\/p>\n\n\n\n<p><strong>El procedimiento para gestionar las denuncias realizadas a trav\u00e9s del Canal Isoclima, las instrucciones para usar la herramienta y cualquier informaci\u00f3n relacionada con el sistema de denuncias est\u00e1n disponibles en el siguiente enlace:<\/strong><\/p>\n\n\n\n<p><strong><a href=\"https:\/\/isoclimagroup.integrity.complylog.com\/\">https:\/\/isoclimagroup.integrity.complylog.com<\/a><\/strong><\/p>\n\n\n\n<p><\/p>\n\n\n\n<ul class=\"wp-block-list\">\n<li>enlace al procedimiento de la empresa: <strong>Manuale Segnalatore Whistleblowing<\/strong><\/li>\n\n\n\n<li>enlace al manual operativo para utilizar el Portal de Denuncias Whistleblowing: <strong>Manuale Segnalatore Whistleblowing<\/strong><\/li>\n\n\n\n<li>enlace a la Informaci\u00f3n sobre el tratamiento de datos personales: <strong>Informativa Privacy<\/strong><\/li>\n<\/ul>\n\n\n\n<p><\/p>\n","protected":false},"excerpt":{"rendered":"<p>Bienvenido al Canal de Denuncias\/ Whistleblowing del Grupo ISOCLIMA ISOCLIMA ha activado un protocolo espec\u00edfico para gestionar el whistleblowing (denuncias), basado en un sistema avanzado de herramientas en l\u00ednea que permite una gesti\u00f3n extendida, an\u00f3nima y garantizada. Este Canal de Denuncias permite a los empleados y\/o partes interesadas informar, de manera confidencial y protegida, sobre &hellip;<\/p>\n","protected":false},"author":7,"featured_media":0,"parent":0,"menu_order":0,"comment_status":"closed","ping_status":"closed","template":"templates\/page-operational.php","meta":{"_acf_changed":false,"_genesis_block_theme_hide_title":false,"footnotes":""},"class_list":["post-873","page","type-page","status-publish","hentry","post","without-featured-image"],"acf":[],"yoast_head":"<!-- This site is optimized with the Yoast SEO plugin v27.2 - https:\/\/yoast.com\/product\/yoast-seo-wordpress\/ -->\n<title>Denuncias | Isoclima ES<\/title>\n<meta name=\"robots\" content=\"index, follow, max-snippet:-1, max-image-preview:large, max-video-preview:-1\" \/>\n<link rel=\"canonical\" href=\"https:\/\/www.isoclimagroup.com\/es\/whistleblowing\/\" \/>\n<meta property=\"og:locale\" content=\"es_ES\" \/>\n<meta property=\"og:type\" content=\"article\" \/>\n<meta property=\"og:title\" content=\"Denuncias | Isoclima ES\" \/>\n<meta property=\"og:description\" content=\"Bienvenido al Canal de Denuncias\/ Whistleblowing del Grupo ISOCLIMA ISOCLIMA ha activado un protocolo espec\u00edfico para gestionar el whistleblowing (denuncias), basado en un sistema avanzado de herramientas en l\u00ednea que permite una gesti\u00f3n extendida, an\u00f3nima y garantizada. Este Canal de Denuncias permite a los empleados y\/o partes interesadas informar, de manera confidencial y protegida, sobre &hellip;\" \/>\n<meta property=\"og:url\" content=\"https:\/\/www.isoclimagroup.com\/es\/whistleblowing\/\" \/>\n<meta property=\"og:site_name\" content=\"Isoclima ES\" \/>\n<meta property=\"article:modified_time\" content=\"2025-02-21T13:00:00+00:00\" \/>\n<meta property=\"og:image\" content=\"https:\/\/www.isoclimagroup.com\/es\/wp-content\/uploads\/sites\/6\/2025\/02\/Isoclima_opengraph-es.png\" \/>\n\t<meta property=\"og:image:width\" content=\"1200\" \/>\n\t<meta property=\"og:image:height\" content=\"630\" \/>\n\t<meta property=\"og:image:type\" content=\"image\/png\" \/>\n<meta name=\"twitter:card\" content=\"summary_large_image\" \/>\n<meta name=\"twitter:label1\" content=\"Est. reading time\" \/>\n\t<meta name=\"twitter:data1\" content=\"1 minuto\" \/>\n<script type=\"application\/ld+json\" class=\"yoast-schema-graph\">{\"@context\":\"https:\/\/schema.org\",\"@graph\":[{\"@type\":\"WebPage\",\"@id\":\"https:\/\/www.isoclimagroup.com\/es\/whistleblowing\/\",\"url\":\"https:\/\/www.isoclimagroup.com\/es\/whistleblowing\/\",\"name\":\"Denuncias | Isoclima ES\",\"isPartOf\":{\"@id\":\"http:\/\/www.isoclimagroup.com\/es\/#website\"},\"datePublished\":\"2025-01-15T14:49:38+00:00\",\"dateModified\":\"2025-02-21T13:00:00+00:00\",\"breadcrumb\":{\"@id\":\"https:\/\/www.isoclimagroup.com\/es\/whistleblowing\/#breadcrumb\"},\"inLanguage\":\"es\",\"potentialAction\":[{\"@type\":\"ReadAction\",\"target\":[\"https:\/\/www.isoclimagroup.com\/es\/whistleblowing\/\"]}]},{\"@type\":\"BreadcrumbList\",\"@id\":\"https:\/\/www.isoclimagroup.com\/es\/whistleblowing\/#breadcrumb\",\"itemListElement\":[{\"@type\":\"ListItem\",\"position\":1,\"name\":\"Home\",\"item\":\"http:\/\/www.isoclimagroup.com\/es\/\"},{\"@type\":\"ListItem\",\"position\":2,\"name\":\"Denuncias\"}]},{\"@type\":\"WebSite\",\"@id\":\"http:\/\/www.isoclimagroup.com\/es\/#website\",\"url\":\"http:\/\/www.isoclimagroup.com\/es\/\",\"name\":\"Isoclima ES\",\"description\":\"\",\"potentialAction\":[{\"@type\":\"SearchAction\",\"target\":{\"@type\":\"EntryPoint\",\"urlTemplate\":\"http:\/\/www.isoclimagroup.com\/es\/?s={search_term_string}\"},\"query-input\":{\"@type\":\"PropertyValueSpecification\",\"valueRequired\":true,\"valueName\":\"search_term_string\"}}],\"inLanguage\":\"es\"}]}<\/script>\n<!-- \/ Yoast SEO plugin. -->","yoast_head_json":{"title":"Denuncias | Isoclima ES","robots":{"index":"index","follow":"follow","max-snippet":"max-snippet:-1","max-image-preview":"max-image-preview:large","max-video-preview":"max-video-preview:-1"},"canonical":"https:\/\/www.isoclimagroup.com\/es\/whistleblowing\/","og_locale":"es_ES","og_type":"article","og_title":"Denuncias | Isoclima ES","og_description":"Bienvenido al Canal de Denuncias\/ Whistleblowing del Grupo ISOCLIMA ISOCLIMA ha activado un protocolo espec\u00edfico para gestionar el whistleblowing (denuncias), basado en un sistema avanzado de herramientas en l\u00ednea que permite una gesti\u00f3n extendida, an\u00f3nima y garantizada. Este Canal de Denuncias permite a los empleados y\/o partes interesadas informar, de manera confidencial y protegida, sobre &hellip;","og_url":"https:\/\/www.isoclimagroup.com\/es\/whistleblowing\/","og_site_name":"Isoclima ES","article_modified_time":"2025-02-21T13:00:00+00:00","og_image":[{"width":1200,"height":630,"url":"https:\/\/www.isoclimagroup.com\/es\/wp-content\/uploads\/sites\/6\/2025\/02\/Isoclima_opengraph-es.png","type":"image\/png"}],"twitter_card":"summary_large_image","twitter_misc":{"Est. reading time":"1 minuto"},"schema":{"@context":"https:\/\/schema.org","@graph":[{"@type":"WebPage","@id":"https:\/\/www.isoclimagroup.com\/es\/whistleblowing\/","url":"https:\/\/www.isoclimagroup.com\/es\/whistleblowing\/","name":"Denuncias | Isoclima ES","isPartOf":{"@id":"http:\/\/www.isoclimagroup.com\/es\/#website"},"datePublished":"2025-01-15T14:49:38+00:00","dateModified":"2025-02-21T13:00:00+00:00","breadcrumb":{"@id":"https:\/\/www.isoclimagroup.com\/es\/whistleblowing\/#breadcrumb"},"inLanguage":"es","potentialAction":[{"@type":"ReadAction","target":["https:\/\/www.isoclimagroup.com\/es\/whistleblowing\/"]}]},{"@type":"BreadcrumbList","@id":"https:\/\/www.isoclimagroup.com\/es\/whistleblowing\/#breadcrumb","itemListElement":[{"@type":"ListItem","position":1,"name":"Home","item":"http:\/\/www.isoclimagroup.com\/es\/"},{"@type":"ListItem","position":2,"name":"Denuncias"}]},{"@type":"WebSite","@id":"http:\/\/www.isoclimagroup.com\/es\/#website","url":"http:\/\/www.isoclimagroup.com\/es\/","name":"Isoclima ES","description":"","potentialAction":[{"@type":"SearchAction","target":{"@type":"EntryPoint","urlTemplate":"http:\/\/www.isoclimagroup.com\/es\/?s={search_term_string}"},"query-input":{"@type":"PropertyValueSpecification","valueRequired":true,"valueName":"search_term_string"}}],"inLanguage":"es"}]}},"_links":{"self":[{"href":"https:\/\/www.isoclimagroup.com\/es\/wp-json\/wp\/v2\/pages\/873","targetHints":{"allow":["GET"]}}],"collection":[{"href":"https:\/\/www.isoclimagroup.com\/es\/wp-json\/wp\/v2\/pages"}],"about":[{"href":"https:\/\/www.isoclimagroup.com\/es\/wp-json\/wp\/v2\/types\/page"}],"author":[{"embeddable":true,"href":"https:\/\/www.isoclimagroup.com\/es\/wp-json\/wp\/v2\/users\/7"}],"replies":[{"embeddable":true,"href":"https:\/\/www.isoclimagroup.com\/es\/wp-json\/wp\/v2\/comments?post=873"}],"version-history":[{"count":0,"href":"https:\/\/www.isoclimagroup.com\/es\/wp-json\/wp\/v2\/pages\/873\/revisions"}],"wp:attachment":[{"href":"https:\/\/www.isoclimagroup.com\/es\/wp-json\/wp\/v2\/media?parent=873"}],"curies":[{"name":"wp","href":"https:\/\/api.w.org\/{rel}","templated":true}]}}